{"id":8,"date":"2021-01-29T15:35:57","date_gmt":"2021-01-29T15:35:57","guid":{"rendered":"https:\/\/uk-s3.serverpanel.net\/~jonesandgrahamco\/?page_id=8"},"modified":"2025-06-04T08:59:17","modified_gmt":"2025-06-04T08:59:17","slug":"about","status":"publish","type":"page","link":"https:\/\/jonesandgraham.co.uk\/cy\/about\/","title":{"rendered":"Amdanom Ni"},"content":{"rendered":"<section class=\"full-width\" id=\"full-width-block_572d77d01a4bfdfb5e2d05bfec171b61\" style=\"\">\r\n    <div class=\"container\">\r\n        <div class=\"row justify-content-center\">\r\n            <div class=\"col-12 col-lg-10\">\r\n                <div class=\"full-width__content\">\r\n                    <p><img loading=\"lazy\" decoding=\"async\" class=\"alignright wp-image-144\" src=\"https:\/\/uk-s3.serverpanel.net\/~jonesandgrahamco\/wp-content\/uploads\/2021\/01\/Logo-silouette-300x300.jpg\" alt=\"\" width=\"424\" height=\"424\" srcset=\"https:\/\/jonesandgraham.co.uk\/wp-content\/uploads\/2021\/01\/Logo-silouette-300x300.jpg 300w, https:\/\/jonesandgraham.co.uk\/wp-content\/uploads\/2021\/01\/Logo-silouette-1024x1024.jpg 1024w, https:\/\/jonesandgraham.co.uk\/wp-content\/uploads\/2021\/01\/Logo-silouette-150x150.jpg 150w, https:\/\/jonesandgraham.co.uk\/wp-content\/uploads\/2021\/01\/Logo-silouette-768x768.jpg 768w, https:\/\/jonesandgraham.co.uk\/wp-content\/uploads\/2021\/01\/Logo-silouette-200x200.jpg 200w, https:\/\/jonesandgraham.co.uk\/wp-content\/uploads\/2021\/01\/Logo-silouette.jpg 1200w\" sizes=\"auto, (max-width: 424px) 100vw, 424px\" \/>Jones &amp; Graham accountancy practice is based in Denbigh, North Wales. The practice was originally founded in 1989 by Mr Dennis Jones, who operated as a sole proprietor until 1993 when Geoff Graham became a partner in the business. Jones &amp; Graham continued to trade as a partnership until Dennis Jones retired in 2003 leaving Geoff Graham as the sole proprietor. In April 2014, Emyr Jones became a partner in Jones &amp; Graham, and a year later the firm was incorporated and now trades a Jones &amp; Graham Accountants Ltd. Our practice has continued to grow each year by extending its client base throughout North Wales and into the Midlands and North\u00a0 West.\u00a0 Geoff Graham retired in 2019.<\/p>\n<p>We are a small team of 8 friendly staff combining a wealth of experience and qualifications including ACCA, AAT, Trainees, and Accountancy degrees.<\/p>\n<p class=\"translation-block\">Rydym yn cynnig ein gwasanaethau'n ddwyieithog yn Gymraeg ac yn Saesneg ac yn ymdrin \u00e2 phob agwedd ar Gyfrifeg, Treth, Cadw Llyfrau a TAW, y Gyflogres, Cofrestru Pensiwn yn Awtomatig, a materion eraill sy'n ymwneud \u00e2 busnes. Rydym hefyd yn cynnig y cyngor diweddaraf ar gyllid grantiau a benthyciadau sy'n gysylltiedig \u00e2 chorafeirws. Mae ein cleientiaid yn cynnwys Unig Fasnachwyr, Partneriaethau, Cwmn\u00efau Cyfyngedig, Elusennau a Mentrau Cymdeithasol.<\/p>\n<p class=\"translation-block\">Rydym yn darparu gwasanaeth o ansawdd uchel am brisiau cystadleuol. Hefyd, mae gallu cyfathrebu a darparu pob gwasanaeth yn Gymraeg yn ychwanegu gwerth sylweddol at ein gwasanaeth cyngor a chymorth parhaus i fusnesau yn yr ardal leol.<\/p>\n<p class=\"translation-block\">Ein nod yw cadw y safonau uchel iawn a ddisgwylir o fewn ein proffesiwn ac rydym yn aelodau o Gymdeithas Cyfrifwyr Ardystiedig Siartredig (ACCA).<\/p>\n<p>&nbsp;<\/p>\n<p style=\"text-align: center;\"><strong>Cysylltwch \u00e2 ni i gael cymorth pellach ac i drafod eich gofynion chi.<\/strong><\/p>\n<p style=\"text-align: center;\"><a href=\"\/cy\/contact\/\"   class=\"button btn btn-secondary\">CYSYLLTWCH \u00c2 NI<\/a><\/p>\n                <\/div>\r\n            <\/div>\r\n        <\/div>\r\n    <\/div>\r\n<\/section>","protected":false},"excerpt":{"rendered":"","protected":false},"author":1,"featured_media":148,"parent":0,"menu_order":0,"comment_status":"closed","ping_status":"closed","template":"","meta":{"_acf_changed":false,"footnotes":""},"class_list":["post-8","page","type-page","status-publish","has-post-thumbnail","hentry"],"acf":[],"yoast_head":"<!-- This site is optimized with the Yoast SEO plugin v26.9 - https:\/\/yoast.com\/product\/yoast-seo-wordpress\/ -->\n<title>About Us - Jones &amp; Graham<\/title>\n<meta name=\"description\" content=\"Jones &amp; Graham accountancy practice is based in Denbigh, North Wales. The practice was originally founded in 1989 by Mr Dennis Jones, who operated as a sole proprietor until 1993 when Geoff Graham became a partner in the business.\" \/>\n<meta name=\"robots\" content=\"index, follow, max-snippet:-1, max-image-preview:large, max-video-preview:-1\" \/>\n<link rel=\"canonical\" href=\"https:\/\/jonesandgraham.co.uk\/cy\/about\/\" \/>\n<meta property=\"og:locale\" content=\"en_US\" \/>\n<meta property=\"og:type\" content=\"article\" \/>\n<meta property=\"og:title\" content=\"About Us - Jones &amp; Graham\" \/>\n<meta property=\"og:description\" content=\"Jones &amp; Graham accountancy practice is based in Denbigh, North Wales. The practice was originally founded in 1989 by Mr Dennis Jones, who operated as a sole proprietor until 1993 when Geoff Graham became a partner in the business.\" \/>\n<meta property=\"og:url\" content=\"https:\/\/jonesandgraham.co.uk\/cy\/about\/\" \/>\n<meta property=\"og:site_name\" content=\"Jones &amp; Graham\" \/>\n<meta property=\"article:modified_time\" content=\"2025-06-04T08:59:17+00:00\" \/>\n<meta property=\"og:image\" content=\"https:\/\/jonesandgraham.co.uk\/wp-content\/uploads\/2021\/01\/About-Us-banner_1200x300px-scaled.jpg\" \/>\n\t<meta property=\"og:image:width\" content=\"2560\" \/>\n\t<meta property=\"og:image:height\" content=\"640\" \/>\n\t<meta property=\"og:image:type\" content=\"image\/jpeg\" \/>\n<meta name=\"twitter:card\" content=\"summary_large_image\" \/>\n<meta name=\"twitter:label1\" content=\"Est. reading time\" \/>\n\t<meta name=\"twitter:data1\" content=\"1 munud\" \/>\n<script type=\"application\/ld+json\" class=\"yoast-schema-graph\">{\"@context\":\"https:\/\/schema.org\",\"@graph\":[{\"@type\":\"WebPage\",\"@id\":\"https:\/\/jonesandgraham.co.uk\/about\/\",\"url\":\"https:\/\/jonesandgraham.co.uk\/about\/\",\"name\":\"About Us - Jones &amp; Graham\",\"isPartOf\":{\"@id\":\"https:\/\/jonesandgraham.co.uk\/#website\"},\"primaryImageOfPage\":{\"@id\":\"https:\/\/jonesandgraham.co.uk\/about\/#primaryimage\"},\"image\":{\"@id\":\"https:\/\/jonesandgraham.co.uk\/about\/#primaryimage\"},\"thumbnailUrl\":\"https:\/\/jonesandgraham.co.uk\/wp-content\/uploads\/2021\/01\/About-Us-banner_1200x300px-scaled.jpg\",\"datePublished\":\"2021-01-29T15:35:57+00:00\",\"dateModified\":\"2025-06-04T08:59:17+00:00\",\"description\":\"Jones & Graham accountancy practice is based in Denbigh, North Wales. The practice was originally founded in 1989 by Mr Dennis Jones, who operated as a sole proprietor until 1993 when Geoff Graham became a partner in the business.\",\"breadcrumb\":{\"@id\":\"https:\/\/jonesandgraham.co.uk\/about\/#breadcrumb\"},\"inLanguage\":\"cy\",\"potentialAction\":[{\"@type\":\"ReadAction\",\"target\":[\"https:\/\/jonesandgraham.co.uk\/about\/\"]}]},{\"@type\":\"ImageObject\",\"inLanguage\":\"cy\",\"@id\":\"https:\/\/jonesandgraham.co.uk\/about\/#primaryimage\",\"url\":\"https:\/\/jonesandgraham.co.uk\/wp-content\/uploads\/2021\/01\/About-Us-banner_1200x300px-scaled.jpg\",\"contentUrl\":\"https:\/\/jonesandgraham.co.uk\/wp-content\/uploads\/2021\/01\/About-Us-banner_1200x300px-scaled.jpg\",\"width\":2560,\"height\":640,\"caption\":\"modern office interior. 3D rendering concept\"},{\"@type\":\"BreadcrumbList\",\"@id\":\"https:\/\/jonesandgraham.co.uk\/about\/#breadcrumb\",\"itemListElement\":[{\"@type\":\"ListItem\",\"position\":1,\"name\":\"Home\",\"item\":\"https:\/\/jonesandgraham.co.uk\/\"},{\"@type\":\"ListItem\",\"position\":2,\"name\":\"About Us\"}]},{\"@type\":\"WebSite\",\"@id\":\"https:\/\/jonesandgraham.co.uk\/#website\",\"url\":\"https:\/\/jonesandgraham.co.uk\/\",\"name\":\"Jones &amp; Graham\",\"description\":\"Accountants\",\"potentialAction\":[{\"@type\":\"SearchAction\",\"target\":{\"@type\":\"EntryPoint\",\"urlTemplate\":\"https:\/\/jonesandgraham.co.uk\/?s={search_term_string}\"},\"query-input\":{\"@type\":\"PropertyValueSpecification\",\"valueRequired\":true,\"valueName\":\"search_term_string\"}}],\"inLanguage\":\"cy\"}]}<\/script>\n<!-- \/ Yoast SEO plugin. -->","yoast_head_json":{"title":"About Us - Jones &amp; Graham","description":"Jones & Graham accountancy practice is based in Denbigh, North Wales. The practice was originally founded in 1989 by Mr Dennis Jones, who operated as a sole proprietor until 1993 when Geoff Graham became a partner in the business.","robots":{"index":"index","follow":"follow","max-snippet":"max-snippet:-1","max-image-preview":"max-image-preview:large","max-video-preview":"max-video-preview:-1"},"canonical":"https:\/\/jonesandgraham.co.uk\/cy\/about\/","og_locale":"en_US","og_type":"article","og_title":"About Us - Jones &amp; Graham","og_description":"Jones & Graham accountancy practice is based in Denbigh, North Wales. The practice was originally founded in 1989 by Mr Dennis Jones, who operated as a sole proprietor until 1993 when Geoff Graham became a partner in the business.","og_url":"https:\/\/jonesandgraham.co.uk\/cy\/about\/","og_site_name":"Jones &amp; Graham","article_modified_time":"2025-06-04T08:59:17+00:00","og_image":[{"width":2560,"height":640,"url":"https:\/\/jonesandgraham.co.uk\/wp-content\/uploads\/2021\/01\/About-Us-banner_1200x300px-scaled.jpg","type":"image\/jpeg"}],"twitter_card":"summary_large_image","twitter_misc":{"Est. reading time":"1 munud"},"schema":{"@context":"https:\/\/schema.org","@graph":[{"@type":"WebPage","@id":"https:\/\/jonesandgraham.co.uk\/about\/","url":"https:\/\/jonesandgraham.co.uk\/about\/","name":"About Us - Jones &amp; Graham","isPartOf":{"@id":"https:\/\/jonesandgraham.co.uk\/#website"},"primaryImageOfPage":{"@id":"https:\/\/jonesandgraham.co.uk\/about\/#primaryimage"},"image":{"@id":"https:\/\/jonesandgraham.co.uk\/about\/#primaryimage"},"thumbnailUrl":"https:\/\/jonesandgraham.co.uk\/wp-content\/uploads\/2021\/01\/About-Us-banner_1200x300px-scaled.jpg","datePublished":"2021-01-29T15:35:57+00:00","dateModified":"2025-06-04T08:59:17+00:00","description":"Jones & Graham accountancy practice is based in Denbigh, North Wales. The practice was originally founded in 1989 by Mr Dennis Jones, who operated as a sole proprietor until 1993 when Geoff Graham became a partner in the business.","breadcrumb":{"@id":"https:\/\/jonesandgraham.co.uk\/about\/#breadcrumb"},"inLanguage":"cy","potentialAction":[{"@type":"ReadAction","target":["https:\/\/jonesandgraham.co.uk\/about\/"]}]},{"@type":"ImageObject","inLanguage":"cy","@id":"https:\/\/jonesandgraham.co.uk\/about\/#primaryimage","url":"https:\/\/jonesandgraham.co.uk\/wp-content\/uploads\/2021\/01\/About-Us-banner_1200x300px-scaled.jpg","contentUrl":"https:\/\/jonesandgraham.co.uk\/wp-content\/uploads\/2021\/01\/About-Us-banner_1200x300px-scaled.jpg","width":2560,"height":640,"caption":"modern office interior. 3D rendering concept"},{"@type":"BreadcrumbList","@id":"https:\/\/jonesandgraham.co.uk\/about\/#breadcrumb","itemListElement":[{"@type":"ListItem","position":1,"name":"Home","item":"https:\/\/jonesandgraham.co.uk\/"},{"@type":"ListItem","position":2,"name":"About Us"}]},{"@type":"WebSite","@id":"https:\/\/jonesandgraham.co.uk\/#website","url":"https:\/\/jonesandgraham.co.uk\/","name":"Jones &amp; Graham","description":"Cyfrifwyr","potentialAction":[{"@type":"SearchAction","target":{"@type":"EntryPoint","urlTemplate":"https:\/\/jonesandgraham.co.uk\/?s={search_term_string}"},"query-input":{"@type":"PropertyValueSpecification","valueRequired":true,"valueName":"search_term_string"}}],"inLanguage":"cy"}]}},"_links":{"self":[{"href":"https:\/\/jonesandgraham.co.uk\/cy\/wp-json\/wp\/v2\/pages\/8","targetHints":{"allow":["GET"]}}],"collection":[{"href":"https:\/\/jonesandgraham.co.uk\/cy\/wp-json\/wp\/v2\/pages"}],"about":[{"href":"https:\/\/jonesandgraham.co.uk\/cy\/wp-json\/wp\/v2\/types\/page"}],"author":[{"embeddable":true,"href":"https:\/\/jonesandgraham.co.uk\/cy\/wp-json\/wp\/v2\/users\/1"}],"replies":[{"embeddable":true,"href":"https:\/\/jonesandgraham.co.uk\/cy\/wp-json\/wp\/v2\/comments?post=8"}],"version-history":[{"count":44,"href":"https:\/\/jonesandgraham.co.uk\/cy\/wp-json\/wp\/v2\/pages\/8\/revisions"}],"predecessor-version":[{"id":773,"href":"https:\/\/jonesandgraham.co.uk\/cy\/wp-json\/wp\/v2\/pages\/8\/revisions\/773"}],"wp:featuredmedia":[{"embeddable":true,"href":"https:\/\/jonesandgraham.co.uk\/cy\/wp-json\/wp\/v2\/media\/148"}],"wp:attachment":[{"href":"https:\/\/jonesandgraham.co.uk\/cy\/wp-json\/wp\/v2\/media?parent=8"}],"curies":[{"name":"wp","href":"https:\/\/api.w.org\/{rel}","templated":true}]}}